{"id":665,"date":"2015-05-12T10:58:40","date_gmt":"2015-05-12T07:58:40","guid":{"rendered":"https:\/\/niemenlomat.fi\/savusauna\/"},"modified":"2024-04-23T15:52:34","modified_gmt":"2024-04-23T12:52:34","slug":"smoke-sauna","status":"publish","type":"page","link":"https:\/\/niemenlomat.fi\/en\/smoke-sauna\/","title":{"rendered":"Smoke Sauna"},"content":{"rendered":"<h2>\n<p>The Genuine Finnish Smoke Sauna<\/p>\n<\/h2>\n<blockquote>\n<p>The genuine smoke sauna of Niemen Lomat is enjoyed in the way of our forefathers, respecting 100-year-old Finland.<\/p>\n<\/blockquote>\n<div>\n<p>In an old-fashioned way, the washing water is taken from the lake and heated outdoors in a pot. Contains no modern shower rooms.<\/p>\n<p>I will heat up the smoke sauna whenever you want. You can also participate in the smoke sauna heating itself.<\/p>\n<\/div>\n<h4>\n<p>Prices: 60 \u20ac \/ 2 persons and 120 \u20ac \/ 6 persons (over 15 years of age).<\/p>\n<p>An individual\u2019s price is lower when there are more sauna goers.<\/p>\n<\/h4>\n<p>\n    <a href=\"mailto:info@niemenlomat.fi\">info@niemenlomat.fi<\/a>\n<\/p>\n<ul>\n<li>\n<p>        <img decoding=\"async\" src=\"\/wp-content\/uploads\/2024\/04\/images_savusauna_savusauna-savu.jpg\" alt=\"\"><\/p>\n<\/li>\n<li>\n<p>        <img decoding=\"async\" src=\"\/wp-content\/uploads\/2024\/04\/images_savusauna_savusauna-tuli.jpg\" alt=\"\"><\/p>\n<\/li>\n<li>\n<p>        <img decoding=\"async\" src=\"\/wp-content\/uploads\/2024\/04\/images_savusauna_savusauna-kuisti.jpg\" alt=\"\"><\/p>\n<\/li>\n<li>\n<p>        <img decoding=\"async\" src=\"\/wp-content\/uploads\/2015\/05\/savusauna-lauteet2.jpg\" alt=\"\"><\/p>\n<\/li>\n<li>\n<p>        <img decoding=\"async\" src=\"\/wp-content\/uploads\/2015\/05\/savusauna-kiuas2.jpg\" alt=\"\"><\/p>\n<\/li>\n<li>\n<p>        <img decoding=\"async\" src=\"\/wp-content\/uploads\/2015\/05\/savusauna-vesipasa.jpg\" alt=\"\"><\/p>\n<\/li>\n<\/ul>\n<p><!--more--><br \/>\n<!-- {\"type\":\"layout\",\"children\":[{\"type\":\"section\",\"props\":{\"image\":\"wp-content\\\/uploads\\\/2024\\\/04\\\/images_savusauna_niemenlomat-savusauna-kesa.jpg\",\"image_position\":\"center-center\",\"image_size\":\"cover\",\"padding\":\"xlarge\",\"style\":\"default\",\"text_color\":\"light\",\"title_breakpoint\":\"xl\",\"title_position\":\"top-left\",\"title_rotation\":\"left\",\"vertical_align\":\"middle\",\"width\":\"expand\"},\"children\":[{\"type\":\"row\",\"props\":{\"width\":\"default\"},\"children\":[{\"type\":\"column\",\"props\":{\"image_position\":\"center-center\",\"position_sticky_breakpoint\":\"m\",\"width_medium\":\"1-1\"},\"children\":[{\"type\":\"headline\",\"props\":{\"content\":\"\n\n<p>The Genuine Finnish Smoke Sauna<\\\/p>\",\"css\":\"p { \\n    text-shadow: 3px 3px 10px rgba(0,0,0,.7);\\n    letter-spacing: 1px;\\n}\",\"margin\":\"medium\",\"margin_remove_top\":true,\"text_align\":\"left\",\"text_align_breakpoint\":\"m\",\"text_align_fallback\":\"center\",\"title_element\":\"h2\",\"title_style\":\"heading-xlarge\"}}]}]}]},{\"name\":\"m\\u00f6kkiesittely\",\"type\":\"section\",\"props\":{\"animation\":\"fade\",\"image_position\":\"center-center\",\"image_size\":\"cover\",\"media_overlay\":\"rgba(255, 255, 255, 0.46)\",\"overlap\":false,\"padding_remove_bottom\":false,\"style\":\"default\",\"title_breakpoint\":\"xl\",\"title_position\":\"top-left\",\"title_rotation\":\"left\",\"vertical_align\":\"middle\",\"width\":\"default\"},\"children\":[{\"type\":\"row\",\"props\":{\"column_gap\":\"large\",\"layout\":\"1-2,1-2\",\"margin\":\"default\",\"row_gap\":\"large\",\"width\":\"default\"},\"children\":[{\"type\":\"column\",\"props\":{\"image_position\":\"center-center\",\"position_sticky_breakpoint\":\"m\",\"width_medium\":\"1-2\"},\"children\":[{\"type\":\"quotation\",\"props\":{\"content\":\"\n\n<p>The genuine smoke sauna of Niemen Lomat is enjoyed in the way of our forefathers, respecting 100-year-old Finland.<\\\/p>\"}},{\"name\":\"kuvaus\",\"type\":\"text\",\"props\":{\"column_breakpoint\":\"m\",\"content\":\"\n\n<p>In an old-fashioned way, the washing water is taken from the lake and heated outdoors in a pot. Contains no modern shower rooms.<\\\/p>\\n\n\n<p>I will heat up the smoke sauna whenever you want. You can also participate in the smoke sauna heating itself.<\\\/p>\",\"margin\":\"default\"}},{\"name\":\"Hinnat\",\"type\":\"headline\",\"props\":{\"content\":\"\n\n<p>Prices: 60 \\u20ac \\\/ 2 persons and 120 \\u20ac \\\/ 6 persons (over 15 years of age).<\\\/p>\\n\n\n<p>An individual\\u2019s price is lower when there are more sauna goers.<\\\/p>\",\"title_element\":\"h4\",\"title_style\":\"h4\"}},{\"name\":\"Varaukset\",\"type\":\"button\",\"props\":{\"grid_column_gap\":\"small\",\"grid_row_gap\":\"small\",\"margin\":\"default\"},\"children\":[{\"type\":\"button_item\",\"props\":{\"button_style\":\"secondary\",\"content\":\"info@niemenlomat.fi\",\"icon_align\":\"left\",\"link\":\"mailto:info@niemenlomat.fi\"}}]}]},{\"type\":\"column\",\"props\":{\"image_position\":\"center-center\",\"position_sticky_breakpoint\":\"m\",\"width_medium\":\"1-2\"},\"children\":[{\"name\":\"kuvagalleria\",\"type\":\"gallery\",\"props\":{\"filter_align\":\"left\",\"filter_all\":true,\"filter_grid_breakpoint\":\"m\",\"filter_grid_width\":\"auto\",\"filter_position\":\"top\",\"filter_style\":\"tab\",\"grid_column_gap\":\"small\",\"grid_default\":\"1\",\"grid_medium\":\"3\",\"grid_row_gap\":\"small\",\"grid_small\":\"3\",\"image_box_shadow\":\"medium\",\"image_transition\":\"scale-up\",\"item_animation\":true,\"lightbox\":true,\"link_style\":\"default\",\"link_text\":\"\",\"margin\":\"default\",\"meta_align\":\"below-title\",\"meta_element\":\"div\",\"meta_style\":\"text-meta\",\"overlay_hover\":false,\"overlay_link\":true,\"overlay_mode\":\"cover\",\"overlay_position\":\"center\",\"overlay_style\":\"\",\"overlay_transition\":\"fade\",\"parallax_easing\":\"1\",\"show_content\":false,\"show_hover_image\":false,\"show_link\":false,\"show_meta\":false,\"show_title\":false,\"text_align\":\"center\",\"text_color\":\"light\",\"title_element\":\"h3\",\"title_hover_style\":\"reset\"},\"children\":[{\"type\":\"gallery_item\",\"props\":{\"image\":\"wp-content\\\/uploads\\\/2024\\\/04\\\/images_savusauna_savusauna-savu.jpg\"}},{\"type\":\"gallery_item\",\"props\":{\"image\":\"wp-content\\\/uploads\\\/2024\\\/04\\\/images_savusauna_savusauna-tuli.jpg\"}},{\"type\":\"gallery_item\",\"props\":{\"image\":\"wp-content\\\/uploads\\\/2024\\\/04\\\/images_savusauna_savusauna-kuisti.jpg\"}},{\"type\":\"gallery_item\",\"props\":{\"image\":\"wp-content\\\/uploads\\\/2015\\\/05\\\/savusauna-lauteet2.jpg\"}},{\"type\":\"gallery_item\",\"props\":{\"image\":\"wp-content\\\/uploads\\\/2015\\\/05\\\/savusauna-kiuas2.jpg\"}},{\"type\":\"gallery_item\",\"props\":{\"image\":\"wp-content\\\/uploads\\\/2015\\\/05\\\/savusauna-vesipasa.jpg\"}}]}]}]}]}],\"version\":\"4.3.8\"} --><\/p>\n","protected":false},"excerpt":{"rendered":"<p>The Genuine Finnish Smoke Sauna The genuine smoke sauna of Niemen Lomat is enjoyed in the way of our forefathers, respecting 100-year-old Finland. In an old-fashioned way, the washing water is taken from the lake and heated outdoors in a pot. Contains no modern shower rooms. I will heat up the smoke sauna whenever you [&hellip;]<\/p>\n","protected":false},"author":1,"featured_media":556,"parent":0,"menu_order":4,"comment_status":"closed","ping_status":"closed","template":"","meta":{"footnotes":""},"class_list":["post-665","page","type-page","status-publish","has-post-thumbnail","hentry"],"yoast_head":"<!-- This site is optimized with the Yoast SEO plugin v27.2 - https:\/\/yoast.com\/product\/yoast-seo-wordpress\/ -->\n<title>Smoke Sauna - Niemen Lomat, Kuusamo, Northeast Finland<\/title>\n<meta name=\"description\" content=\"In an old-fashioned way, the washing water is taken from the lake and heated outdoors in a pot. You can also participate in the smoke sauna heating itself.\" \/>\n<meta name=\"robots\" content=\"index, follow, max-snippet:-1, max-image-preview:large, max-video-preview:-1\" \/>\n<link rel=\"canonical\" href=\"https:\/\/niemenlomat.fi\/en\/smoke-sauna\/\" \/>\n<meta property=\"og:locale\" content=\"en_US\" \/>\n<meta property=\"og:type\" content=\"article\" \/>\n<meta property=\"og:title\" content=\"Smoke Sauna - Niemen Lomat, Kuusamo, Northeast Finland\" \/>\n<meta property=\"og:description\" content=\"In an old-fashioned way, the washing water is taken from the lake and heated outdoors in a pot. You can also participate in the smoke sauna heating itself.\" \/>\n<meta property=\"og:url\" content=\"https:\/\/niemenlomat.fi\/en\/smoke-sauna\/\" \/>\n<meta property=\"og:site_name\" content=\"Niemen Lomat, Kuusamo, Northeast Finland\" \/>\n<meta property=\"article:publisher\" content=\"https:\/\/www.facebook.com\/niemenlomat\/?fref=ts\" \/>\n<meta property=\"article:modified_time\" content=\"2024-04-23T12:52:34+00:00\" \/>\n<meta property=\"og:image\" content=\"https:\/\/niemenlomat.fi\/wp-content\/uploads\/2024\/04\/images_savusauna_niemenlomat-savusauna-kesa.jpg\" \/>\n\t<meta property=\"og:image:width\" content=\"2048\" \/>\n\t<meta property=\"og:image:height\" content=\"1151\" \/>\n\t<meta property=\"og:image:type\" content=\"image\/jpeg\" \/>\n<meta name=\"twitter:card\" content=\"summary_large_image\" \/>\n<meta name=\"twitter:label1\" content=\"Est. reading time\" \/>\n\t<meta name=\"twitter:data1\" content=\"2 minutes\" \/>\n<script type=\"application\/ld+json\" class=\"yoast-schema-graph\">{\"@context\":\"https:\/\/schema.org\",\"@graph\":[{\"@type\":\"WebPage\",\"@id\":\"https:\/\/niemenlomat.fi\/en\/smoke-sauna\/\",\"url\":\"https:\/\/niemenlomat.fi\/en\/smoke-sauna\/\",\"name\":\"Smoke Sauna - Niemen Lomat, Kuusamo, Northeast Finland\",\"isPartOf\":{\"@id\":\"https:\/\/niemenlomat.fi\/en\/#website\"},\"primaryImageOfPage\":{\"@id\":\"https:\/\/niemenlomat.fi\/en\/smoke-sauna\/#primaryimage\"},\"image\":{\"@id\":\"https:\/\/niemenlomat.fi\/en\/smoke-sauna\/#primaryimage\"},\"thumbnailUrl\":\"https:\/\/niemenlomat.fi\/wp-content\/uploads\/2024\/04\/images_savusauna_niemenlomat-savusauna-kesa.jpg\",\"datePublished\":\"2015-05-12T07:58:40+00:00\",\"dateModified\":\"2024-04-23T12:52:34+00:00\",\"description\":\"In an old-fashioned way, the washing water is taken from the lake and heated outdoors in a pot. You can also participate in the smoke sauna heating itself.\",\"breadcrumb\":{\"@id\":\"https:\/\/niemenlomat.fi\/en\/smoke-sauna\/#breadcrumb\"},\"inLanguage\":\"en-US\",\"potentialAction\":[{\"@type\":\"ReadAction\",\"target\":[\"https:\/\/niemenlomat.fi\/en\/smoke-sauna\/\"]}]},{\"@type\":\"ImageObject\",\"inLanguage\":\"en-US\",\"@id\":\"https:\/\/niemenlomat.fi\/en\/smoke-sauna\/#primaryimage\",\"url\":\"https:\/\/niemenlomat.fi\/wp-content\/uploads\/2024\/04\/images_savusauna_niemenlomat-savusauna-kesa.jpg\",\"contentUrl\":\"https:\/\/niemenlomat.fi\/wp-content\/uploads\/2024\/04\/images_savusauna_niemenlomat-savusauna-kesa.jpg\",\"width\":2048,\"height\":1151},{\"@type\":\"BreadcrumbList\",\"@id\":\"https:\/\/niemenlomat.fi\/en\/smoke-sauna\/#breadcrumb\",\"itemListElement\":[{\"@type\":\"ListItem\",\"position\":1,\"name\":\"Etusivu\",\"item\":\"https:\/\/niemenlomat.fi\/en\/\"},{\"@type\":\"ListItem\",\"position\":2,\"name\":\"Smoke Sauna\"}]},{\"@type\":\"WebSite\",\"@id\":\"https:\/\/niemenlomat.fi\/en\/#website\",\"url\":\"https:\/\/niemenlomat.fi\/en\/\",\"name\":\"Vuokram\u00f6kkej\u00e4 J\u00e4rvi-Kuusamossa\",\"description\":\"Vuokram\u00f6kkej\u00e4 J\u00e4rvi-Kuusamossa\",\"publisher\":{\"@id\":\"https:\/\/niemenlomat.fi\/en\/#organization\"},\"potentialAction\":[{\"@type\":\"SearchAction\",\"target\":{\"@type\":\"EntryPoint\",\"urlTemplate\":\"https:\/\/niemenlomat.fi\/en\/?s={search_term_string}\"},\"query-input\":{\"@type\":\"PropertyValueSpecification\",\"valueRequired\":true,\"valueName\":\"search_term_string\"}}],\"inLanguage\":\"en-US\"},{\"@type\":\"Organization\",\"@id\":\"https:\/\/niemenlomat.fi\/en\/#organization\",\"name\":\"Niemen Lomat\",\"alternateName\":\"Vuokram\u00f6kkej\u00e4 J\u00e4rvi-Kuusamossa\",\"url\":\"https:\/\/niemenlomat.fi\/en\/\",\"logo\":{\"@type\":\"ImageObject\",\"inLanguage\":\"en-US\",\"@id\":\"https:\/\/niemenlomat.fi\/en\/#\/schema\/logo\/image\/\",\"url\":\"https:\/\/niemenlomat.fi\/wp-content\/uploads\/2024\/04\/niemenlomat-fav.png\",\"contentUrl\":\"https:\/\/niemenlomat.fi\/wp-content\/uploads\/2024\/04\/niemenlomat-fav.png\",\"width\":500,\"height\":500,\"caption\":\"Niemen Lomat\"},\"image\":{\"@id\":\"https:\/\/niemenlomat.fi\/en\/#\/schema\/logo\/image\/\"},\"sameAs\":[\"https:\/\/www.facebook.com\/niemenlomat\/?fref=ts\",\"https:\/\/www.instagram.com\/explore\/tags\/niemenlomat\/\",\"https:\/\/www.youtube.com\/@niemenlomat3015\/videos\"]}]}<\/script>\n<!-- \/ Yoast SEO plugin. -->","yoast_head_json":{"title":"Smoke Sauna - Niemen Lomat, Kuusamo, Northeast Finland","description":"In an old-fashioned way, the washing water is taken from the lake and heated outdoors in a pot. You can also participate in the smoke sauna heating itself.","robots":{"index":"index","follow":"follow","max-snippet":"max-snippet:-1","max-image-preview":"max-image-preview:large","max-video-preview":"max-video-preview:-1"},"canonical":"https:\/\/niemenlomat.fi\/en\/smoke-sauna\/","og_locale":"en_US","og_type":"article","og_title":"Smoke Sauna - Niemen Lomat, Kuusamo, Northeast Finland","og_description":"In an old-fashioned way, the washing water is taken from the lake and heated outdoors in a pot. You can also participate in the smoke sauna heating itself.","og_url":"https:\/\/niemenlomat.fi\/en\/smoke-sauna\/","og_site_name":"Niemen Lomat, Kuusamo, Northeast Finland","article_publisher":"https:\/\/www.facebook.com\/niemenlomat\/?fref=ts","article_modified_time":"2024-04-23T12:52:34+00:00","og_image":[{"width":2048,"height":1151,"url":"https:\/\/niemenlomat.fi\/wp-content\/uploads\/2024\/04\/images_savusauna_niemenlomat-savusauna-kesa.jpg","type":"image\/jpeg"}],"twitter_card":"summary_large_image","twitter_misc":{"Est. reading time":"2 minutes"},"schema":{"@context":"https:\/\/schema.org","@graph":[{"@type":"WebPage","@id":"https:\/\/niemenlomat.fi\/en\/smoke-sauna\/","url":"https:\/\/niemenlomat.fi\/en\/smoke-sauna\/","name":"Smoke Sauna - Niemen Lomat, Kuusamo, Northeast Finland","isPartOf":{"@id":"https:\/\/niemenlomat.fi\/en\/#website"},"primaryImageOfPage":{"@id":"https:\/\/niemenlomat.fi\/en\/smoke-sauna\/#primaryimage"},"image":{"@id":"https:\/\/niemenlomat.fi\/en\/smoke-sauna\/#primaryimage"},"thumbnailUrl":"https:\/\/niemenlomat.fi\/wp-content\/uploads\/2024\/04\/images_savusauna_niemenlomat-savusauna-kesa.jpg","datePublished":"2015-05-12T07:58:40+00:00","dateModified":"2024-04-23T12:52:34+00:00","description":"In an old-fashioned way, the washing water is taken from the lake and heated outdoors in a pot. You can also participate in the smoke sauna heating itself.","breadcrumb":{"@id":"https:\/\/niemenlomat.fi\/en\/smoke-sauna\/#breadcrumb"},"inLanguage":"en-US","potentialAction":[{"@type":"ReadAction","target":["https:\/\/niemenlomat.fi\/en\/smoke-sauna\/"]}]},{"@type":"ImageObject","inLanguage":"en-US","@id":"https:\/\/niemenlomat.fi\/en\/smoke-sauna\/#primaryimage","url":"https:\/\/niemenlomat.fi\/wp-content\/uploads\/2024\/04\/images_savusauna_niemenlomat-savusauna-kesa.jpg","contentUrl":"https:\/\/niemenlomat.fi\/wp-content\/uploads\/2024\/04\/images_savusauna_niemenlomat-savusauna-kesa.jpg","width":2048,"height":1151},{"@type":"BreadcrumbList","@id":"https:\/\/niemenlomat.fi\/en\/smoke-sauna\/#breadcrumb","itemListElement":[{"@type":"ListItem","position":1,"name":"Etusivu","item":"https:\/\/niemenlomat.fi\/en\/"},{"@type":"ListItem","position":2,"name":"Smoke Sauna"}]},{"@type":"WebSite","@id":"https:\/\/niemenlomat.fi\/en\/#website","url":"https:\/\/niemenlomat.fi\/en\/","name":"Vuokram\u00f6kkej\u00e4 J\u00e4rvi-Kuusamossa","description":"Vuokram\u00f6kkej\u00e4 J\u00e4rvi-Kuusamossa","publisher":{"@id":"https:\/\/niemenlomat.fi\/en\/#organization"},"potentialAction":[{"@type":"SearchAction","target":{"@type":"EntryPoint","urlTemplate":"https:\/\/niemenlomat.fi\/en\/?s={search_term_string}"},"query-input":{"@type":"PropertyValueSpecification","valueRequired":true,"valueName":"search_term_string"}}],"inLanguage":"en-US"},{"@type":"Organization","@id":"https:\/\/niemenlomat.fi\/en\/#organization","name":"Niemen Lomat","alternateName":"Vuokram\u00f6kkej\u00e4 J\u00e4rvi-Kuusamossa","url":"https:\/\/niemenlomat.fi\/en\/","logo":{"@type":"ImageObject","inLanguage":"en-US","@id":"https:\/\/niemenlomat.fi\/en\/#\/schema\/logo\/image\/","url":"https:\/\/niemenlomat.fi\/wp-content\/uploads\/2024\/04\/niemenlomat-fav.png","contentUrl":"https:\/\/niemenlomat.fi\/wp-content\/uploads\/2024\/04\/niemenlomat-fav.png","width":500,"height":500,"caption":"Niemen Lomat"},"image":{"@id":"https:\/\/niemenlomat.fi\/en\/#\/schema\/logo\/image\/"},"sameAs":["https:\/\/www.facebook.com\/niemenlomat\/?fref=ts","https:\/\/www.instagram.com\/explore\/tags\/niemenlomat\/","https:\/\/www.youtube.com\/@niemenlomat3015\/videos"]}]}},"_links":{"self":[{"href":"https:\/\/niemenlomat.fi\/en\/wp-json\/wp\/v2\/pages\/665","targetHints":{"allow":["GET"]}}],"collection":[{"href":"https:\/\/niemenlomat.fi\/en\/wp-json\/wp\/v2\/pages"}],"about":[{"href":"https:\/\/niemenlomat.fi\/en\/wp-json\/wp\/v2\/types\/page"}],"author":[{"embeddable":true,"href":"https:\/\/niemenlomat.fi\/en\/wp-json\/wp\/v2\/users\/1"}],"replies":[{"embeddable":true,"href":"https:\/\/niemenlomat.fi\/en\/wp-json\/wp\/v2\/comments?post=665"}],"version-history":[{"count":7,"href":"https:\/\/niemenlomat.fi\/en\/wp-json\/wp\/v2\/pages\/665\/revisions"}],"predecessor-version":[{"id":688,"href":"https:\/\/niemenlomat.fi\/en\/wp-json\/wp\/v2\/pages\/665\/revisions\/688"}],"wp:featuredmedia":[{"embeddable":true,"href":"https:\/\/niemenlomat.fi\/en\/wp-json\/wp\/v2\/media\/556"}],"wp:attachment":[{"href":"https:\/\/niemenlomat.fi\/en\/wp-json\/wp\/v2\/media?parent=665"}],"curies":[{"name":"wp","href":"https:\/\/api.w.org\/{rel}","templated":true}]}}