{"id":663,"date":"2024-04-05T10:10:06","date_gmt":"2024-04-05T07:10:06","guid":{"rendered":"https:\/\/niemenlomat.fi\/contact-us\/"},"modified":"2024-04-26T14:45:37","modified_gmt":"2024-04-26T11:45:37","slug":"contact-us","status":"publish","type":"page","link":"https:\/\/niemenlomat.fi\/en\/contact-us\/","title":{"rendered":"Contact us"},"content":{"rendered":"<h1><span>Contact us<\/span><span>\u00a0<\/span><\/h1>\n<div><a href=\"tel:+358405031591\">+358 40 503 1591<\/a><\/div>\n<div><a href=\"mailto:info@niemenlomat.fi\">info@niemenlomat.fi<\/a><\/div>\n<h2><a href=\"https:\/\/maps.app.goo.gl\/Kshvgx6jpw6ffr6u5\"><span>Koskenkyl\u00e4ntie 41,\u00a0<\/span><span>93800 Kuusamo<\/span><\/a><\/h2>\n<div><iframe src=\"https:\/\/www.google.com\/maps\/embed?pb=!1m18!1m12!1m3!1d74339.0222479539!2d29.370440794754373!3d65.90094869445177!2m3!1f0!2f0!3f0!3m2!1i1024!2i768!4f13.1!3m3!1m2!1s0x44294ff0252d098d%3A0xbf8a2e5ecfc6ff23!2sNiemi%20Holidays!5e0!3m2!1sen!2sfi!4v1714131881278!5m2!1sen!2sen\" width=\"100%\" height=\"650\" style=\"border:0;\" allowfullscreen=\"\" loading=\"lazy\" referrerpolicy=\"no-referrer-when-downgrade\"><\/iframe><\/div>\n<p><!--more--><br \/>\n<!-- {\"type\":\"layout\",\"children\":[{\"type\":\"section\",\"props\":{\"header_transparent\":true,\"header_transparent_noplaceholder\":false,\"height\":\"viewport\",\"height_offset_top\":true,\"image\":\"wp-content\\\/uploads\\\/2024\\\/04\\\/niemenlomat-pihapiiri.jpg\",\"image_effect\":\"parallax\",\"image_loading\":true,\"image_parallax_bgy\":\"-150\",\"image_position\":\"center-left\",\"image_size\":\"cover\",\"image_width\":\"2560\",\"media_focal_point\":\"center-left\",\"media_overlay\":\"rgba(0, 0, 0, 0.75)\",\"media_overlay_parallax_opacity\":\"0,1\",\"padding\":\"large\",\"padding_remove_bottom\":false,\"style\":\"default\",\"text_color\":\"light\",\"title_breakpoint\":\"xl\",\"title_position\":\"top-left\",\"title_rotation\":\"left\",\"vertical_align\":\"bottom\",\"width\":\"small\"},\"children\":[{\"type\":\"row\",\"props\":{\"margin\":\"xlarge\"},\"children\":[{\"type\":\"column\",\"props\":{\"image_position\":\"center-center\",\"position_sticky_breakpoint\":\"m\"},\"children\":[{\"type\":\"headline\",\"props\":{\"content\":\"<span>Contact us<\\\/span><span>\\u00a0<\\\/span>\",\"text_align\":\"center\",\"title_element\":\"h1\",\"title_style\":\"heading-2xlarge\"}},{\"type\":\"headline\",\"props\":{\"content\":\"+358 40 503 1591\",\"link\":\"tel:+358405031591\",\"text_align\":\"center\",\"title_element\":\"div\",\"title_style\":\"h2\"}},{\"type\":\"headline\",\"props\":{\"content\":\"info@niemenlomat.fi\",\"link\":\"mailto:info@niemenlomat.fi\",\"text_align\":\"center\",\"title_element\":\"div\",\"title_style\":\"h2\"}},{\"type\":\"headline\",\"props\":{\"content\":\"<span>Koskenkyl\\u00e4ntie 41,\\u00a0<\\\/span><span>93800 Kuusamo<\\\/span>\",\"link\":\"https:\\\/\\\/maps.app.goo.gl\\\/Kshvgx6jpw6ffr6u5\",\"link_target\":true,\"margin\":\"medium\",\"text_align\":\"center\",\"title_element\":\"h2\",\"title_style\":\"h3\"}}]}]}],\"name\":\"Contact\"},{\"type\":\"section\",\"props\":{\"image_position\":\"center-center\",\"padding\":\"none\",\"style\":\"default\",\"title_breakpoint\":\"xl\",\"title_position\":\"top-left\",\"title_rotation\":\"left\",\"vertical_align\":\"middle\",\"width\":\"\"},\"children\":[{\"type\":\"row\",\"children\":[{\"type\":\"column\",\"props\":{\"image_position\":\"center-center\",\"position_sticky_breakpoint\":\"m\"},\"children\":[{\"type\":\"text\",\"props\":{\"column_breakpoint\":\"m\",\"content\":\"<iframe src=\\\"https:\\\/\\\/www.google.com\\\/maps\\\/embed?pb=!1m18!1m12!1m3!1d74339.0222479539!2d29.370440794754373!3d65.90094869445177!2m3!1f0!2f0!3f0!3m2!1i1024!2i768!4f13.1!3m3!1m2!1s0x44294ff0252d098d%3A0xbf8a2e5ecfc6ff23!2sNiemi%20Holidays!5e0!3m2!1sen!2sfi!4v1714131881278!5m2!1sen!2sen\\\" width=\\\"100%\\\" height=\\\"650\\\" style=\\\"border:0;\\\" allowfullscreen=\\\"\\\" loading=\\\"lazy\\\" referrerpolicy=\\\"no-referrer-when-downgrade\\\"><\\\/iframe>\",\"margin\":\"default\"}}]}]}]}],\"version\":\"4.3.13\"} --><\/p>\n","protected":false},"excerpt":{"rendered":"<p>Contact us\u00a0 +358 40 503 1591 info@niemenlomat.fi Koskenkyl\u00e4ntie 41,\u00a093800 Kuusamo<\/p>\n","protected":false},"author":1,"featured_media":584,"parent":0,"menu_order":0,"comment_status":"closed","ping_status":"closed","template":"","meta":{"footnotes":""},"class_list":["post-663","page","type-page","status-publish","has-post-thumbnail","hentry"],"yoast_head":"<!-- This site is optimized with the Yoast SEO plugin v27.2 - https:\/\/yoast.com\/product\/yoast-seo-wordpress\/ -->\n<title>Contact us - Niemen Lomat, Kuusamo, Northeast Finland<\/title>\n<meta name=\"description\" content=\"Contact us by phone +358 40 503 1591 or send us email info@niemenlomat.fi. Our Address: Koskenkyl\u00e4ntie 41, 93800 Kuusamo, Finland\" \/>\n<meta name=\"robots\" content=\"index, follow, max-snippet:-1, max-image-preview:large, max-video-preview:-1\" \/>\n<link rel=\"canonical\" href=\"https:\/\/niemenlomat.fi\/en\/contact-us\/\" \/>\n<meta property=\"og:locale\" content=\"en_US\" \/>\n<meta property=\"og:type\" content=\"article\" \/>\n<meta property=\"og:title\" content=\"Contact us - Niemen Lomat, Kuusamo, Northeast Finland\" \/>\n<meta property=\"og:description\" content=\"Contact us by phone +358 40 503 1591 or send us email info@niemenlomat.fi. Our Address: Koskenkyl\u00e4ntie 41, 93800 Kuusamo, Finland\" \/>\n<meta property=\"og:url\" content=\"https:\/\/niemenlomat.fi\/en\/contact-us\/\" \/>\n<meta property=\"og:site_name\" content=\"Niemen Lomat, Kuusamo, Northeast Finland\" \/>\n<meta property=\"article:publisher\" content=\"https:\/\/www.facebook.com\/niemenlomat\/?fref=ts\" \/>\n<meta property=\"article:modified_time\" content=\"2024-04-26T11:45:37+00:00\" \/>\n<meta property=\"og:image\" content=\"https:\/\/niemenlomat.fi\/wp-content\/uploads\/2024\/04\/niementorppa4.jpg\" \/>\n\t<meta property=\"og:image:width\" content=\"1000\" \/>\n\t<meta property=\"og:image:height\" content=\"600\" \/>\n\t<meta property=\"og:image:type\" content=\"image\/jpeg\" \/>\n<meta name=\"twitter:card\" content=\"summary_large_image\" \/>\n<meta name=\"twitter:label1\" content=\"Est. reading time\" \/>\n\t<meta name=\"twitter:data1\" content=\"1 minute\" \/>\n<script type=\"application\/ld+json\" class=\"yoast-schema-graph\">{\"@context\":\"https:\/\/schema.org\",\"@graph\":[{\"@type\":\"WebPage\",\"@id\":\"https:\/\/niemenlomat.fi\/en\/contact-us\/\",\"url\":\"https:\/\/niemenlomat.fi\/en\/contact-us\/\",\"name\":\"Contact us - Niemen Lomat, Kuusamo, Northeast Finland\",\"isPartOf\":{\"@id\":\"https:\/\/niemenlomat.fi\/en\/#website\"},\"primaryImageOfPage\":{\"@id\":\"https:\/\/niemenlomat.fi\/en\/contact-us\/#primaryimage\"},\"image\":{\"@id\":\"https:\/\/niemenlomat.fi\/en\/contact-us\/#primaryimage\"},\"thumbnailUrl\":\"https:\/\/niemenlomat.fi\/wp-content\/uploads\/2024\/04\/niementorppa4.jpg\",\"datePublished\":\"2024-04-05T07:10:06+00:00\",\"dateModified\":\"2024-04-26T11:45:37+00:00\",\"description\":\"Contact us by phone +358 40 503 1591 or send us email info@niemenlomat.fi. Our Address: Koskenkyl\u00e4ntie 41, 93800 Kuusamo, Finland\",\"breadcrumb\":{\"@id\":\"https:\/\/niemenlomat.fi\/en\/contact-us\/#breadcrumb\"},\"inLanguage\":\"en-US\",\"potentialAction\":[{\"@type\":\"ReadAction\",\"target\":[\"https:\/\/niemenlomat.fi\/en\/contact-us\/\"]}]},{\"@type\":\"ImageObject\",\"inLanguage\":\"en-US\",\"@id\":\"https:\/\/niemenlomat.fi\/en\/contact-us\/#primaryimage\",\"url\":\"https:\/\/niemenlomat.fi\/wp-content\/uploads\/2024\/04\/niementorppa4.jpg\",\"contentUrl\":\"https:\/\/niemenlomat.fi\/wp-content\/uploads\/2024\/04\/niementorppa4.jpg\",\"width\":1000,\"height\":600},{\"@type\":\"BreadcrumbList\",\"@id\":\"https:\/\/niemenlomat.fi\/en\/contact-us\/#breadcrumb\",\"itemListElement\":[{\"@type\":\"ListItem\",\"position\":1,\"name\":\"Etusivu\",\"item\":\"https:\/\/niemenlomat.fi\/en\/\"},{\"@type\":\"ListItem\",\"position\":2,\"name\":\"Contact us\"}]},{\"@type\":\"WebSite\",\"@id\":\"https:\/\/niemenlomat.fi\/en\/#website\",\"url\":\"https:\/\/niemenlomat.fi\/en\/\",\"name\":\"Vuokram\u00f6kkej\u00e4 J\u00e4rvi-Kuusamossa\",\"description\":\"Vuokram\u00f6kkej\u00e4 J\u00e4rvi-Kuusamossa\",\"publisher\":{\"@id\":\"https:\/\/niemenlomat.fi\/en\/#organization\"},\"potentialAction\":[{\"@type\":\"SearchAction\",\"target\":{\"@type\":\"EntryPoint\",\"urlTemplate\":\"https:\/\/niemenlomat.fi\/en\/?s={search_term_string}\"},\"query-input\":{\"@type\":\"PropertyValueSpecification\",\"valueRequired\":true,\"valueName\":\"search_term_string\"}}],\"inLanguage\":\"en-US\"},{\"@type\":\"Organization\",\"@id\":\"https:\/\/niemenlomat.fi\/en\/#organization\",\"name\":\"Niemen Lomat\",\"alternateName\":\"Vuokram\u00f6kkej\u00e4 J\u00e4rvi-Kuusamossa\",\"url\":\"https:\/\/niemenlomat.fi\/en\/\",\"logo\":{\"@type\":\"ImageObject\",\"inLanguage\":\"en-US\",\"@id\":\"https:\/\/niemenlomat.fi\/en\/#\/schema\/logo\/image\/\",\"url\":\"https:\/\/niemenlomat.fi\/wp-content\/uploads\/2024\/04\/niemenlomat-fav.png\",\"contentUrl\":\"https:\/\/niemenlomat.fi\/wp-content\/uploads\/2024\/04\/niemenlomat-fav.png\",\"width\":500,\"height\":500,\"caption\":\"Niemen Lomat\"},\"image\":{\"@id\":\"https:\/\/niemenlomat.fi\/en\/#\/schema\/logo\/image\/\"},\"sameAs\":[\"https:\/\/www.facebook.com\/niemenlomat\/?fref=ts\",\"https:\/\/www.instagram.com\/explore\/tags\/niemenlomat\/\",\"https:\/\/www.youtube.com\/@niemenlomat3015\/videos\"]}]}<\/script>\n<!-- \/ Yoast SEO plugin. -->","yoast_head_json":{"title":"Contact us - Niemen Lomat, Kuusamo, Northeast Finland","description":"Contact us by phone +358 40 503 1591 or send us email info@niemenlomat.fi. Our Address: Koskenkyl\u00e4ntie 41, 93800 Kuusamo, Finland","robots":{"index":"index","follow":"follow","max-snippet":"max-snippet:-1","max-image-preview":"max-image-preview:large","max-video-preview":"max-video-preview:-1"},"canonical":"https:\/\/niemenlomat.fi\/en\/contact-us\/","og_locale":"en_US","og_type":"article","og_title":"Contact us - Niemen Lomat, Kuusamo, Northeast Finland","og_description":"Contact us by phone +358 40 503 1591 or send us email info@niemenlomat.fi. Our Address: Koskenkyl\u00e4ntie 41, 93800 Kuusamo, Finland","og_url":"https:\/\/niemenlomat.fi\/en\/contact-us\/","og_site_name":"Niemen Lomat, Kuusamo, Northeast Finland","article_publisher":"https:\/\/www.facebook.com\/niemenlomat\/?fref=ts","article_modified_time":"2024-04-26T11:45:37+00:00","og_image":[{"width":1000,"height":600,"url":"https:\/\/niemenlomat.fi\/wp-content\/uploads\/2024\/04\/niementorppa4.jpg","type":"image\/jpeg"}],"twitter_card":"summary_large_image","twitter_misc":{"Est. reading time":"1 minute"},"schema":{"@context":"https:\/\/schema.org","@graph":[{"@type":"WebPage","@id":"https:\/\/niemenlomat.fi\/en\/contact-us\/","url":"https:\/\/niemenlomat.fi\/en\/contact-us\/","name":"Contact us - Niemen Lomat, Kuusamo, Northeast Finland","isPartOf":{"@id":"https:\/\/niemenlomat.fi\/en\/#website"},"primaryImageOfPage":{"@id":"https:\/\/niemenlomat.fi\/en\/contact-us\/#primaryimage"},"image":{"@id":"https:\/\/niemenlomat.fi\/en\/contact-us\/#primaryimage"},"thumbnailUrl":"https:\/\/niemenlomat.fi\/wp-content\/uploads\/2024\/04\/niementorppa4.jpg","datePublished":"2024-04-05T07:10:06+00:00","dateModified":"2024-04-26T11:45:37+00:00","description":"Contact us by phone +358 40 503 1591 or send us email info@niemenlomat.fi. Our Address: Koskenkyl\u00e4ntie 41, 93800 Kuusamo, Finland","breadcrumb":{"@id":"https:\/\/niemenlomat.fi\/en\/contact-us\/#breadcrumb"},"inLanguage":"en-US","potentialAction":[{"@type":"ReadAction","target":["https:\/\/niemenlomat.fi\/en\/contact-us\/"]}]},{"@type":"ImageObject","inLanguage":"en-US","@id":"https:\/\/niemenlomat.fi\/en\/contact-us\/#primaryimage","url":"https:\/\/niemenlomat.fi\/wp-content\/uploads\/2024\/04\/niementorppa4.jpg","contentUrl":"https:\/\/niemenlomat.fi\/wp-content\/uploads\/2024\/04\/niementorppa4.jpg","width":1000,"height":600},{"@type":"BreadcrumbList","@id":"https:\/\/niemenlomat.fi\/en\/contact-us\/#breadcrumb","itemListElement":[{"@type":"ListItem","position":1,"name":"Etusivu","item":"https:\/\/niemenlomat.fi\/en\/"},{"@type":"ListItem","position":2,"name":"Contact us"}]},{"@type":"WebSite","@id":"https:\/\/niemenlomat.fi\/en\/#website","url":"https:\/\/niemenlomat.fi\/en\/","name":"Vuokram\u00f6kkej\u00e4 J\u00e4rvi-Kuusamossa","description":"Vuokram\u00f6kkej\u00e4 J\u00e4rvi-Kuusamossa","publisher":{"@id":"https:\/\/niemenlomat.fi\/en\/#organization"},"potentialAction":[{"@type":"SearchAction","target":{"@type":"EntryPoint","urlTemplate":"https:\/\/niemenlomat.fi\/en\/?s={search_term_string}"},"query-input":{"@type":"PropertyValueSpecification","valueRequired":true,"valueName":"search_term_string"}}],"inLanguage":"en-US"},{"@type":"Organization","@id":"https:\/\/niemenlomat.fi\/en\/#organization","name":"Niemen Lomat","alternateName":"Vuokram\u00f6kkej\u00e4 J\u00e4rvi-Kuusamossa","url":"https:\/\/niemenlomat.fi\/en\/","logo":{"@type":"ImageObject","inLanguage":"en-US","@id":"https:\/\/niemenlomat.fi\/en\/#\/schema\/logo\/image\/","url":"https:\/\/niemenlomat.fi\/wp-content\/uploads\/2024\/04\/niemenlomat-fav.png","contentUrl":"https:\/\/niemenlomat.fi\/wp-content\/uploads\/2024\/04\/niemenlomat-fav.png","width":500,"height":500,"caption":"Niemen Lomat"},"image":{"@id":"https:\/\/niemenlomat.fi\/en\/#\/schema\/logo\/image\/"},"sameAs":["https:\/\/www.facebook.com\/niemenlomat\/?fref=ts","https:\/\/www.instagram.com\/explore\/tags\/niemenlomat\/","https:\/\/www.youtube.com\/@niemenlomat3015\/videos"]}]}},"_links":{"self":[{"href":"https:\/\/niemenlomat.fi\/en\/wp-json\/wp\/v2\/pages\/663","targetHints":{"allow":["GET"]}}],"collection":[{"href":"https:\/\/niemenlomat.fi\/en\/wp-json\/wp\/v2\/pages"}],"about":[{"href":"https:\/\/niemenlomat.fi\/en\/wp-json\/wp\/v2\/types\/page"}],"author":[{"embeddable":true,"href":"https:\/\/niemenlomat.fi\/en\/wp-json\/wp\/v2\/users\/1"}],"replies":[{"embeddable":true,"href":"https:\/\/niemenlomat.fi\/en\/wp-json\/wp\/v2\/comments?post=663"}],"version-history":[{"count":2,"href":"https:\/\/niemenlomat.fi\/en\/wp-json\/wp\/v2\/pages\/663\/revisions"}],"predecessor-version":[{"id":774,"href":"https:\/\/niemenlomat.fi\/en\/wp-json\/wp\/v2\/pages\/663\/revisions\/774"}],"wp:featuredmedia":[{"embeddable":true,"href":"https:\/\/niemenlomat.fi\/en\/wp-json\/wp\/v2\/media\/584"}],"wp:attachment":[{"href":"https:\/\/niemenlomat.fi\/en\/wp-json\/wp\/v2\/media?parent=663"}],"curies":[{"name":"wp","href":"https:\/\/api.w.org\/{rel}","templated":true}]}}