{"id":647,"date":"2018-05-18T12:05:11","date_gmt":"2018-05-18T09:05:11","guid":{"rendered":"https:\/\/niemenlomat.fi\/vuokramokit\/"},"modified":"2024-04-23T15:48:32","modified_gmt":"2024-04-23T12:48:32","slug":"cottages","status":"publish","type":"page","link":"https:\/\/niemenlomat.fi\/en\/cottages\/","title":{"rendered":"Cottages"},"content":{"rendered":"<h2>Rental Cottages, Kuusamo, Finland<\/h2>\n<div>\n<p>Niemen Loma&#8217;s cozy rental cottages are located in a quiet place on the shore of Lake V\u00e4lij\u00e4rvi.\u00a0<\/p>\n<p><img decoding=\"async\" src=\"https:\/\/niemenlomat.fi\/wp-content\/uploads\/2018\/05\/wifi.png\" alt=\"wifi\" width=\"80\" height=\"94\" class=\" wp-image-56 alignright\" \/>The lakeside cottages in Kuusamo are a dream location for nature loving people; you can swim, fish, walk, pick berries, ski, or go on snowmobile rides etc.\u00a0<\/p>\n<\/div>\n<ul>\n<li>\n<p><img decoding=\"async\" src=\"\/wp-content\/uploads\/2024\/04\/niemenlomat-tuulentupa-jarvelta.jpg\" alt=\"Tuulentupa\"><\/p>\n<h3>Tuulentupa<\/h3>\n<p>Prices 70 \u2013 110\u20ac\/day<\/p>\n<div>\n<p><span>About 80 m<\/span><sup>2<\/sup><span>. Spacious living room, kitchen, bedroom, wood burning sauna and shower and indoor toilets. Beds for six persons.\u00a0<\/span><\/p>\n<\/div>\n<p><a href=\"\/en\/tuulentupa\/\">Find out more<\/a><\/p>\n<\/li>\n<li>\n<p><img decoding=\"async\" src=\"\/wp-content\/uploads\/2024\/04\/niementorppa-kesa2.jpg\" alt=\"Niementorppa\"><\/p>\n<h3>Niementorppa<\/h3>\n<p>Prices 70 \u2013 110\u20ac\/day<\/p>\n<div>\n<p><span>About 80 m<\/span><sup>2<\/sup><span>. Spacious living room, kitchen, bedroom, wood burning sauna and shower and indoor toilets.\u00a0Sleeps 6.\u00a0<\/span><\/p>\n<\/div>\n<p><a href=\"\/en\/niementorppa\/\">Find out more<\/a><\/p>\n<\/li>\n<li>\n<p><img decoding=\"async\" src=\"\/wp-content\/uploads\/2018\/05\/01-tiiranpesa.jpg\" alt=\"\"><\/p>\n<h3>Tiiranpes\u00e4<\/h3>\n<p>Price 65\u20ac\/day<\/p>\n<div>\n<p><span>About 38 m<\/span><sup>2<\/sup><span>. Living room with kitchen, wood burning sauna and outdoor toilet. Sleeps 4. By the lakeshore.<\/span><\/p>\n<\/div>\n<p><a href=\"\/en\/tiiranpesa\/\">Find out more<\/a><\/p>\n<\/li>\n<\/ul>\n<div>\n<p>        <img decoding=\"async\" src=\"\/wp-content\/uploads\/2018\/05\/niemenlomat-aitta.jpg\" alt=\"\"><\/p>\n<h3>Granary<\/h3>\n<div>The granary offers additional accommodation especially in the summer time.<br \/>\nThe granary has electric heating.<br \/>\nCanoes and bikes can be stored in the shed in the summer.<\/div>\n<p><a href=\"\/en\/granary\/\">Find out more<\/a><\/p>\n<\/div>\n<div>\n<p>        <img decoding=\"async\" src=\"\/wp-content\/uploads\/2018\/05\/niemenlomat-savusauna.jpg\" alt=\"\"><\/p>\n<h3>Smoke Sauna<\/h3>\n<div>\n<p>I will heat up the smoke sauna whenever you want. You can also participate in the smoke sauna heating itself.<\/p>\n<p>Note! I do heat up the smoke sauna for others in addition to our cottage customers.<\/p>\n<\/div>\n<p><a href=\"\/en\/smoke-sauna\/\">Read more<\/a><\/p>\n<\/div>\n<p><!--more--><br \/>\n<!-- {\"type\":\"layout\",\"children\":[{\"type\":\"section\",\"props\":{\"image\":\"wp-content\\\/uploads\\\/2024\\\/04\\\/niemenlomat-mokit.jpg\",\"image_position\":\"center-center\",\"image_size\":\"cover\",\"padding\":\"large\",\"style\":\"secondary\",\"title_breakpoint\":\"xl\",\"title_position\":\"top-left\",\"title_rotation\":\"left\",\"vertical_align\":\"middle\",\"width\":\"default\"},\"children\":[{\"type\":\"row\",\"children\":[{\"type\":\"column\",\"props\":{\"image_position\":\"center-center\",\"position_sticky_breakpoint\":\"m\",\"width_medium\":\"1-1\"},\"children\":[{\"type\":\"headline\",\"props\":{\"content\":\"Rental Cottages, Kuusamo, Finland\",\"text_align\":\"left\",\"title_element\":\"h2\",\"title_style\":\"heading-xlarge\"}}]}]}]},{\"name\":\"M\\u00f6kit\",\"type\":\"section\",\"props\":{\"animation\":\"fade\",\"image_position\":\"center-center\",\"padding_remove_bottom\":false,\"style\":\"default\",\"title_breakpoint\":\"xl\",\"title_position\":\"top-left\",\"title_rotation\":\"left\",\"vertical_align\":\"middle\",\"width\":\"default\"},\"children\":[{\"type\":\"row\",\"props\":{\"margin\":\"medium\"},\"children\":[{\"type\":\"column\",\"props\":{\"image_position\":\"center-center\",\"position_sticky_breakpoint\":\"m\",\"width_medium\":\"1-1\"},\"children\":[{\"type\":\"text\",\"props\":{\"column\":\"1-2\",\"column_breakpoint\":\"m\",\"content\":\"\n\n<p>Niemen Loma's cozy rental cottages are located in a quiet place on the shore of Lake V\\u00e4lij\\u00e4rvi.\\u00a0<\\\/p>\\n\n\n<p><img src=\\\"https:\\\/\\\/niemenlomat.fi\\\/wp-content\\\/uploads\\\/2018\\\/05\\\/wifi.png\\\" alt=\\\"wifi\\\" width=\\\"80\\\" height=\\\"94\\\" class=\\\" wp-image-56 alignright\\\" \\\/>The lakeside cottages in Kuusamo are a dream location for nature loving people; you can swim, fish, walk, pick berries, ski, or go on snowmobile rides etc.\\u00a0<\\\/p>\",\"margin\":\"\",\"text_style\":\"lead\"}}]}]},{\"type\":\"row\",\"children\":[{\"type\":\"column\",\"props\":{\"image_position\":\"center-center\",\"position_sticky_breakpoint\":\"m\"},\"children\":[{\"type\":\"grid\",\"props\":{\"content_column_breakpoint\":\"m\",\"filter_align\":\"left\",\"filter_all\":true,\"filter_grid_breakpoint\":\"m\",\"filter_grid_width\":\"auto\",\"filter_position\":\"top\",\"filter_style\":\"tab\",\"grid_default\":\"1\",\"grid_medium\":\"3\",\"icon_width\":80,\"image_align\":\"top\",\"image_grid_breakpoint\":\"m\",\"image_grid_width\":\"1-2\",\"image_height\":\"800\",\"image_link\":true,\"image_loading\":true,\"image_svg_color\":\"emphasis\",\"image_transition\":\"scale-up\",\"image_width\":\"1080\",\"item_animation\":true,\"link_style\":\"text\",\"link_text\":\"Find out more\",\"margin\":\"default\",\"meta_align\":\"below-title\",\"meta_element\":\"div\",\"meta_style\":\"h5\",\"panel_image_no_padding\":true,\"panel_link\":true,\"panel_padding\":\"default\",\"panel_style\":\"card-default\",\"show_content\":true,\"show_image\":true,\"show_link\":true,\"show_meta\":true,\"show_title\":true,\"title_align\":\"top\",\"title_decoration\":\"divider\",\"title_element\":\"h3\",\"title_grid_breakpoint\":\"m\",\"title_grid_width\":\"1-2\",\"title_hover_style\":\"reset\",\"title_link\":true,\"title_style\":\"h2\"},\"children\":[{\"type\":\"grid_item\",\"props\":{\"content\":\"\n\n<p><span>About 80 m<\\\/span><sup>2<\\\/sup><span>. Spacious living room, kitchen, bedroom, wood burning sauna and shower and indoor toilets. Beds for six persons.\\u00a0<\\\/span><\\\/p>\",\"image\":\"wp-content\\\/uploads\\\/2024\\\/04\\\/niemenlomat-tuulentupa-jarvelta.jpg\",\"image_alt\":\"Tuulentupa\",\"link\":\"en\\\/tuulentupa\\\/\",\"link_aria_label\":\"Tuulentupa\",\"meta\":\"Prices 70 \\u2013 110\\u20ac\\\/day\",\"title\":\"Tuulentupa\"}},{\"type\":\"grid_item\",\"props\":{\"content\":\"\n\n<p><span>About 80 m<\\\/span><sup>2<\\\/sup><span>. Spacious living room, kitchen, bedroom, wood burning sauna and shower and indoor toilets.\\u00a0Sleeps 6.\\u00a0<\\\/span><\\\/p>\",\"image\":\"wp-content\\\/uploads\\\/2024\\\/04\\\/niementorppa-kesa2.jpg\",\"image_alt\":\"Niementorppa\",\"link\":\"en\\\/niementorppa\\\/\",\"link_aria_label\":\"Niementorppa\",\"meta\":\"Prices 70 \\u2013 110\\u20ac\\\/day\",\"title\":\"Niementorppa\"}},{\"type\":\"grid_item\",\"props\":{\"content\":\"\n\n<p><span>About 38 m<\\\/span><sup>2<\\\/sup><span>. Living room with kitchen, wood burning sauna and outdoor toilet. Sleeps 4. By the lakeshore.<\\\/span><\\\/p>\",\"image\":\"wp-content\\\/uploads\\\/2018\\\/05\\\/01-tiiranpesa.jpg\",\"link\":\"en\\\/tiiranpesa\\\/\",\"link_aria_label\":\"Tiiranpes\\u00e4\",\"meta\":\"Price 65\\u20ac\\\/day\",\"title\":\"Tiiranpes\\u00e4\"}}],\"name\":\"mokit en\"}]}]}]},{\"type\":\"section\",\"props\":{\"image\":\"wp-content\\\/uploads\\\/2024\\\/04\\\/niemenlomat-ilmakuva-talvi.jpg\",\"image_position\":\"center-center\",\"padding\":\"xlarge\",\"style\":\"default\",\"title_breakpoint\":\"xl\",\"title_position\":\"top-left\",\"title_rotation\":\"left\",\"vertical_align\":\"middle\",\"width\":\"default\"},\"children\":[{\"type\":\"row\",\"children\":[{\"type\":\"column\",\"props\":{\"image_position\":\"center-center\",\"position_sticky_breakpoint\":\"m\",\"width_medium\":\"1-1\"}}]}]},{\"type\":\"section\",\"props\":{\"image_position\":\"center-center\",\"style\":\"default\",\"title_breakpoint\":\"xl\",\"title_position\":\"top-left\",\"title_rotation\":\"left\",\"vertical_align\":\"middle\",\"width\":\"default\"},\"children\":[{\"type\":\"row\",\"props\":{\"column_gap\":\"large\",\"divider\":true,\"layout\":\"1-2,1-2\",\"margin\":\"large\",\"row_gap\":\"large\"},\"children\":[{\"type\":\"column\",\"props\":{\"image_position\":\"center-center\",\"position_sticky_breakpoint\":\"m\",\"width_medium\":\"1-2\"},\"children\":[{\"type\":\"panel\",\"props\":{\"content\":\"The granary offers additional accommodation especially in the summer time.\\nThe granary has electric heating.\\nCanoes and bikes can be stored in the shed in the summer.\",\"content_column_breakpoint\":\"m\",\"icon_width\":80,\"image\":\"wp-content\\\/uploads\\\/2018\\\/05\\\/niemenlomat-aitta.jpg\",\"image_align\":\"top\",\"image_grid_breakpoint\":\"m\",\"image_grid_column_gap\":\"small\",\"image_grid_row_gap\":\"small\",\"image_grid_width\":\"1-3\",\"image_svg_color\":\"emphasis\",\"link\":\"en\\\/granary\\\/\",\"link_aria_label\":\"Granary\",\"link_style\":\"secondary\",\"link_text\":\"Find out more\",\"margin\":\"default\",\"meta_align\":\"below-title\",\"meta_element\":\"div\",\"meta_style\":\"text-meta\",\"title\":\"Granary\",\"title_align\":\"top\",\"title_element\":\"h3\",\"title_grid_breakpoint\":\"m\",\"title_grid_width\":\"1-2\",\"title_hover_style\":\"reset\",\"title_style\":\"h2\"}}]},{\"type\":\"column\",\"props\":{\"image_position\":\"center-center\",\"position_sticky_breakpoint\":\"m\",\"width_medium\":\"1-2\"},\"children\":[{\"type\":\"panel\",\"props\":{\"content\":\"\n\n<p>I will heat up the smoke sauna whenever you want. You can also participate in the smoke sauna heating itself.<\\\/p>\\n\n\n<p>Note! I do heat up the smoke sauna for others in addition to our cottage customers.<\\\/p>\",\"content_column_breakpoint\":\"m\",\"icon_width\":80,\"image\":\"wp-content\\\/uploads\\\/2018\\\/05\\\/niemenlomat-savusauna.jpg\",\"image_align\":\"top\",\"image_grid_breakpoint\":\"m\",\"image_grid_width\":\"1-2\",\"image_svg_color\":\"emphasis\",\"link\":\"en\\\/smoke-sauna\\\/\",\"link_aria_label\":\"Smoke sauna\",\"link_style\":\"secondary\",\"link_text\":\"Read more\",\"margin\":\"default\",\"meta_align\":\"below-title\",\"meta_element\":\"div\",\"meta_style\":\"text-meta\",\"title\":\"Smoke Sauna\",\"title_align\":\"top\",\"title_element\":\"h3\",\"title_grid_breakpoint\":\"m\",\"title_grid_width\":\"1-2\",\"title_hover_style\":\"reset\",\"title_style\":\"h2\"}}]}]}]}],\"version\":\"4.3.8\"} --><\/p>\n","protected":false},"excerpt":{"rendered":"<p>Rental Cottages, Kuusamo, Finland Niemen Loma&#8217;s cozy rental cottages are located in a quiet place on the shore of Lake V\u00e4lij\u00e4rvi.\u00a0 The lakeside cottages in Kuusamo are a dream location for nature loving people; you can swim, fish, walk, pick berries, ski, or go on snowmobile rides etc.\u00a0 Tuulentupa Prices 70 \u2013 110\u20ac\/day About 80 [&hellip;]<\/p>\n","protected":false},"author":1,"featured_media":499,"parent":0,"menu_order":0,"comment_status":"open","ping_status":"open","template":"","meta":{"footnotes":""},"class_list":["post-647","page","type-page","status-publish","has-post-thumbnail","hentry"],"yoast_head":"<!-- This site is optimized with the Yoast SEO plugin v27.2 - https:\/\/yoast.com\/product\/yoast-seo-wordpress\/ -->\n<title>Cottages - Niemen Lomat, Kuusamo, Northeast Finland<\/title>\n<meta name=\"description\" content=\"The lakeside log cottages in Kuusamo, North East Finland are a dream location for nature loving people. Cosy cottages for 4-6 people.\" \/>\n<meta name=\"robots\" content=\"index, follow, max-snippet:-1, max-image-preview:large, max-video-preview:-1\" \/>\n<link rel=\"canonical\" href=\"https:\/\/niemenlomat.fi\/en\/cottages\/\" \/>\n<meta property=\"og:locale\" content=\"en_US\" \/>\n<meta property=\"og:type\" content=\"article\" \/>\n<meta property=\"og:title\" content=\"Cottages - Niemen Lomat, Kuusamo, Northeast Finland\" \/>\n<meta property=\"og:description\" content=\"The lakeside log cottages in Kuusamo, North East Finland are a dream location for nature loving people. Cosy cottages for 4-6 people.\" \/>\n<meta property=\"og:url\" content=\"https:\/\/niemenlomat.fi\/en\/cottages\/\" \/>\n<meta property=\"og:site_name\" content=\"Niemen Lomat, Kuusamo, Northeast Finland\" \/>\n<meta property=\"article:publisher\" content=\"https:\/\/www.facebook.com\/niemenlomat\/?fref=ts\" \/>\n<meta property=\"article:modified_time\" content=\"2024-04-23T12:48:32+00:00\" \/>\n<meta property=\"og:image\" content=\"https:\/\/niemenlomat.fi\/wp-content\/uploads\/2024\/04\/niemenlomat-iso-mokkikuva2.jpg\" \/>\n\t<meta property=\"og:image:width\" content=\"2560\" \/>\n\t<meta property=\"og:image:height\" content=\"1920\" \/>\n\t<meta property=\"og:image:type\" content=\"image\/jpeg\" \/>\n<meta name=\"twitter:card\" content=\"summary_large_image\" \/>\n<meta name=\"twitter:label1\" content=\"Est. reading time\" \/>\n\t<meta name=\"twitter:data1\" content=\"3 minutes\" \/>\n<script type=\"application\/ld+json\" class=\"yoast-schema-graph\">{\"@context\":\"https:\/\/schema.org\",\"@graph\":[{\"@type\":\"WebPage\",\"@id\":\"https:\/\/niemenlomat.fi\/en\/cottages\/\",\"url\":\"https:\/\/niemenlomat.fi\/en\/cottages\/\",\"name\":\"Cottages - Niemen Lomat, Kuusamo, Northeast Finland\",\"isPartOf\":{\"@id\":\"https:\/\/niemenlomat.fi\/en\/#website\"},\"primaryImageOfPage\":{\"@id\":\"https:\/\/niemenlomat.fi\/en\/cottages\/#primaryimage\"},\"image\":{\"@id\":\"https:\/\/niemenlomat.fi\/en\/cottages\/#primaryimage\"},\"thumbnailUrl\":\"https:\/\/niemenlomat.fi\/wp-content\/uploads\/2024\/04\/niemenlomat-iso-mokkikuva2.jpg\",\"datePublished\":\"2018-05-18T09:05:11+00:00\",\"dateModified\":\"2024-04-23T12:48:32+00:00\",\"description\":\"The lakeside log cottages in Kuusamo, North East Finland are a dream location for nature loving people. Cosy cottages for 4-6 people.\",\"breadcrumb\":{\"@id\":\"https:\/\/niemenlomat.fi\/en\/cottages\/#breadcrumb\"},\"inLanguage\":\"en-US\",\"potentialAction\":[{\"@type\":\"ReadAction\",\"target\":[\"https:\/\/niemenlomat.fi\/en\/cottages\/\"]}]},{\"@type\":\"ImageObject\",\"inLanguage\":\"en-US\",\"@id\":\"https:\/\/niemenlomat.fi\/en\/cottages\/#primaryimage\",\"url\":\"https:\/\/niemenlomat.fi\/wp-content\/uploads\/2024\/04\/niemenlomat-iso-mokkikuva2.jpg\",\"contentUrl\":\"https:\/\/niemenlomat.fi\/wp-content\/uploads\/2024\/04\/niemenlomat-iso-mokkikuva2.jpg\",\"width\":2100,\"height\":1575},{\"@type\":\"BreadcrumbList\",\"@id\":\"https:\/\/niemenlomat.fi\/en\/cottages\/#breadcrumb\",\"itemListElement\":[{\"@type\":\"ListItem\",\"position\":1,\"name\":\"Etusivu\",\"item\":\"https:\/\/niemenlomat.fi\/en\/\"},{\"@type\":\"ListItem\",\"position\":2,\"name\":\"Cottages\"}]},{\"@type\":\"WebSite\",\"@id\":\"https:\/\/niemenlomat.fi\/en\/#website\",\"url\":\"https:\/\/niemenlomat.fi\/en\/\",\"name\":\"Vuokram\u00f6kkej\u00e4 J\u00e4rvi-Kuusamossa\",\"description\":\"Vuokram\u00f6kkej\u00e4 J\u00e4rvi-Kuusamossa\",\"publisher\":{\"@id\":\"https:\/\/niemenlomat.fi\/en\/#organization\"},\"potentialAction\":[{\"@type\":\"SearchAction\",\"target\":{\"@type\":\"EntryPoint\",\"urlTemplate\":\"https:\/\/niemenlomat.fi\/en\/?s={search_term_string}\"},\"query-input\":{\"@type\":\"PropertyValueSpecification\",\"valueRequired\":true,\"valueName\":\"search_term_string\"}}],\"inLanguage\":\"en-US\"},{\"@type\":\"Organization\",\"@id\":\"https:\/\/niemenlomat.fi\/en\/#organization\",\"name\":\"Niemen Lomat\",\"alternateName\":\"Vuokram\u00f6kkej\u00e4 J\u00e4rvi-Kuusamossa\",\"url\":\"https:\/\/niemenlomat.fi\/en\/\",\"logo\":{\"@type\":\"ImageObject\",\"inLanguage\":\"en-US\",\"@id\":\"https:\/\/niemenlomat.fi\/en\/#\/schema\/logo\/image\/\",\"url\":\"https:\/\/niemenlomat.fi\/wp-content\/uploads\/2024\/04\/niemenlomat-fav.png\",\"contentUrl\":\"https:\/\/niemenlomat.fi\/wp-content\/uploads\/2024\/04\/niemenlomat-fav.png\",\"width\":500,\"height\":500,\"caption\":\"Niemen Lomat\"},\"image\":{\"@id\":\"https:\/\/niemenlomat.fi\/en\/#\/schema\/logo\/image\/\"},\"sameAs\":[\"https:\/\/www.facebook.com\/niemenlomat\/?fref=ts\",\"https:\/\/www.instagram.com\/explore\/tags\/niemenlomat\/\",\"https:\/\/www.youtube.com\/@niemenlomat3015\/videos\"]}]}<\/script>\n<!-- \/ Yoast SEO plugin. -->","yoast_head_json":{"title":"Cottages - Niemen Lomat, Kuusamo, Northeast Finland","description":"The lakeside log cottages in Kuusamo, North East Finland are a dream location for nature loving people. Cosy cottages for 4-6 people.","robots":{"index":"index","follow":"follow","max-snippet":"max-snippet:-1","max-image-preview":"max-image-preview:large","max-video-preview":"max-video-preview:-1"},"canonical":"https:\/\/niemenlomat.fi\/en\/cottages\/","og_locale":"en_US","og_type":"article","og_title":"Cottages - Niemen Lomat, Kuusamo, Northeast Finland","og_description":"The lakeside log cottages in Kuusamo, North East Finland are a dream location for nature loving people. Cosy cottages for 4-6 people.","og_url":"https:\/\/niemenlomat.fi\/en\/cottages\/","og_site_name":"Niemen Lomat, Kuusamo, Northeast Finland","article_publisher":"https:\/\/www.facebook.com\/niemenlomat\/?fref=ts","article_modified_time":"2024-04-23T12:48:32+00:00","og_image":[{"width":2560,"height":1920,"url":"https:\/\/niemenlomat.fi\/wp-content\/uploads\/2024\/04\/niemenlomat-iso-mokkikuva2.jpg","type":"image\/jpeg"}],"twitter_card":"summary_large_image","twitter_misc":{"Est. reading time":"3 minutes"},"schema":{"@context":"https:\/\/schema.org","@graph":[{"@type":"WebPage","@id":"https:\/\/niemenlomat.fi\/en\/cottages\/","url":"https:\/\/niemenlomat.fi\/en\/cottages\/","name":"Cottages - Niemen Lomat, Kuusamo, Northeast Finland","isPartOf":{"@id":"https:\/\/niemenlomat.fi\/en\/#website"},"primaryImageOfPage":{"@id":"https:\/\/niemenlomat.fi\/en\/cottages\/#primaryimage"},"image":{"@id":"https:\/\/niemenlomat.fi\/en\/cottages\/#primaryimage"},"thumbnailUrl":"https:\/\/niemenlomat.fi\/wp-content\/uploads\/2024\/04\/niemenlomat-iso-mokkikuva2.jpg","datePublished":"2018-05-18T09:05:11+00:00","dateModified":"2024-04-23T12:48:32+00:00","description":"The lakeside log cottages in Kuusamo, North East Finland are a dream location for nature loving people. Cosy cottages for 4-6 people.","breadcrumb":{"@id":"https:\/\/niemenlomat.fi\/en\/cottages\/#breadcrumb"},"inLanguage":"en-US","potentialAction":[{"@type":"ReadAction","target":["https:\/\/niemenlomat.fi\/en\/cottages\/"]}]},{"@type":"ImageObject","inLanguage":"en-US","@id":"https:\/\/niemenlomat.fi\/en\/cottages\/#primaryimage","url":"https:\/\/niemenlomat.fi\/wp-content\/uploads\/2024\/04\/niemenlomat-iso-mokkikuva2.jpg","contentUrl":"https:\/\/niemenlomat.fi\/wp-content\/uploads\/2024\/04\/niemenlomat-iso-mokkikuva2.jpg","width":2100,"height":1575},{"@type":"BreadcrumbList","@id":"https:\/\/niemenlomat.fi\/en\/cottages\/#breadcrumb","itemListElement":[{"@type":"ListItem","position":1,"name":"Etusivu","item":"https:\/\/niemenlomat.fi\/en\/"},{"@type":"ListItem","position":2,"name":"Cottages"}]},{"@type":"WebSite","@id":"https:\/\/niemenlomat.fi\/en\/#website","url":"https:\/\/niemenlomat.fi\/en\/","name":"Vuokram\u00f6kkej\u00e4 J\u00e4rvi-Kuusamossa","description":"Vuokram\u00f6kkej\u00e4 J\u00e4rvi-Kuusamossa","publisher":{"@id":"https:\/\/niemenlomat.fi\/en\/#organization"},"potentialAction":[{"@type":"SearchAction","target":{"@type":"EntryPoint","urlTemplate":"https:\/\/niemenlomat.fi\/en\/?s={search_term_string}"},"query-input":{"@type":"PropertyValueSpecification","valueRequired":true,"valueName":"search_term_string"}}],"inLanguage":"en-US"},{"@type":"Organization","@id":"https:\/\/niemenlomat.fi\/en\/#organization","name":"Niemen Lomat","alternateName":"Vuokram\u00f6kkej\u00e4 J\u00e4rvi-Kuusamossa","url":"https:\/\/niemenlomat.fi\/en\/","logo":{"@type":"ImageObject","inLanguage":"en-US","@id":"https:\/\/niemenlomat.fi\/en\/#\/schema\/logo\/image\/","url":"https:\/\/niemenlomat.fi\/wp-content\/uploads\/2024\/04\/niemenlomat-fav.png","contentUrl":"https:\/\/niemenlomat.fi\/wp-content\/uploads\/2024\/04\/niemenlomat-fav.png","width":500,"height":500,"caption":"Niemen Lomat"},"image":{"@id":"https:\/\/niemenlomat.fi\/en\/#\/schema\/logo\/image\/"},"sameAs":["https:\/\/www.facebook.com\/niemenlomat\/?fref=ts","https:\/\/www.instagram.com\/explore\/tags\/niemenlomat\/","https:\/\/www.youtube.com\/@niemenlomat3015\/videos"]}]}},"_links":{"self":[{"href":"https:\/\/niemenlomat.fi\/en\/wp-json\/wp\/v2\/pages\/647","targetHints":{"allow":["GET"]}}],"collection":[{"href":"https:\/\/niemenlomat.fi\/en\/wp-json\/wp\/v2\/pages"}],"about":[{"href":"https:\/\/niemenlomat.fi\/en\/wp-json\/wp\/v2\/types\/page"}],"author":[{"embeddable":true,"href":"https:\/\/niemenlomat.fi\/en\/wp-json\/wp\/v2\/users\/1"}],"replies":[{"embeddable":true,"href":"https:\/\/niemenlomat.fi\/en\/wp-json\/wp\/v2\/comments?post=647"}],"version-history":[{"count":7,"href":"https:\/\/niemenlomat.fi\/en\/wp-json\/wp\/v2\/pages\/647\/revisions"}],"predecessor-version":[{"id":687,"href":"https:\/\/niemenlomat.fi\/en\/wp-json\/wp\/v2\/pages\/647\/revisions\/687"}],"wp:featuredmedia":[{"embeddable":true,"href":"https:\/\/niemenlomat.fi\/en\/wp-json\/wp\/v2\/media\/499"}],"wp:attachment":[{"href":"https:\/\/niemenlomat.fi\/en\/wp-json\/wp\/v2\/media?parent=647"}],"curies":[{"name":"wp","href":"https:\/\/api.w.org\/{rel}","templated":true}]}}